{"id":3926,"date":"2019-08-28T10:18:24","date_gmt":"2019-08-28T08:18:24","guid":{"rendered":"https:\/\/www.reiser-st.com\/?page_id=34"},"modified":"2021-06-24T09:59:28","modified_gmt":"2021-06-24T07:59:28","slug":"karriere","status":"publish","type":"page","link":"https:\/\/www.reiser-insight.com\/index.php\/karriere\/","title":{"rendered":"Karriere"},"content":{"rendered":"[et_pb_section fb_built=&#8220;1&#8243; fullwidth=&#8220;on&#8220; _builder_version=&#8220;4.9.4&#8243; _module_preset=&#8220;default&#8220;][et_pb_fullwidth_image src=&#8220;http:\/\/www.reiser-insight.com\/wp-content\/uploads\/2019\/11\/reiser-st-career-1.jpg&#8220; _builder_version=&#8220;4.9.4&#8243; _module_preset=&#8220;default&#8220; title_text=&#8220;reiser-st-career-1&#8243; hover_enabled=&#8220;0&#8243; sticky_enabled=&#8220;0&#8243;][\/et_pb_fullwidth_image][\/et_pb_section][et_pb_section fb_built=&#8220;1&#8243; admin_label=&#8220;section&#8220; _builder_version=&#8220;3.22&#8243;][et_pb_row _builder_version=&#8220;4.9.4&#8243; _module_preset=&#8220;default&#8220;][et_pb_column _builder_version=&#8220;4.9.4&#8243; _module_preset=&#8220;default&#8220; type=&#8220;4_4&#8243;][et_pb_text _builder_version=&#8220;4.9.4&#8243; _module_preset=&#8220;default&#8220; hover_enabled=&#8220;0&#8243; sticky_enabled=&#8220;0&#8243; header_font_size=&#8220;45px&#8220; header_text_color=&#8220;#0055A5&#8243;]<div class=\"entry-title\">\n<h1>Karriere<\/h1>\n<\/div>\n<div class=\"entry-content\">\n<p>Wir unterst\u00fctzen Sie in unserem Unternehmen bei Ihrer Karriere, egal ob Sie Interesse am Fach- und F\u00fchrungskr\u00e4ftebereich haben oder im Rahmen eines Praktikums, einer Werkstudentent\u00e4tigkeit oder einer Abschlussarbeit Ihren Einstieg bei uns suchen.<\/p>\n<p>Bei uns haben Sie die M\u00f6glichkeit sich auf einzelne (Fach-)Gebiete zu spezialisieren oder sich in einer Fachrichtung mit einer gro\u00dfen Vielfalt an verschiedenen Aufgaben zu verwirklichen. Unabh\u00e4ngig davon, ob Sie sich noch in der Ausbildung befinden, Ihren Abschluss gerade erst bestanden haben oder bereits \u00fcber Berufserfahrung verf\u00fcgen \u2013 Bei uns arbeiten Sie stets verantwortungsvoll und eigenst\u00e4ndig in verschiedensten Projekten, bei denen keines wie das andere ist.<\/p>\n<p>Werfen Sie einen Blick hinter unsere Kulissen \u2013 Wir freuen uns auf Ihre Kontaktaufnahme.<\/p>\n<\/div>[\/et_pb_text][\/et_pb_column][\/et_pb_row][et_pb_row admin_label=&#8220;row&#8220; _builder_version=&#8220;3.25&#8243; background_size=&#8220;initial&#8220; background_position=&#8220;top_left&#8220; background_repeat=&#8220;repeat&#8220;][et_pb_column type=&#8220;4_4&#8243; _builder_version=&#8220;3.25&#8243; custom_padding=&#8220;|||&#8220; custom_padding__hover=&#8220;|||&#8220;][et_pb_text admin_label=&#8220;Text&#8220; _builder_version=&#8220;3.27.4&#8243; background_size=&#8220;initial&#8220; background_position=&#8220;top_left&#8220; background_repeat=&#8220;repeat&#8220; hover_enabled=&#8220;0&#8243; sticky_enabled=&#8220;0&#8243;]\n<p>Wir unterst\u00fctzen Sie in unserem Unternehmen bei Ihrer Karriere, egal ob Sie Interesse am Fach- und F\u00fchrungskr\u00e4ftebereich haben oder im Rahmen eines Praktikums, einer Werkstudentent\u00e4tigkeit oder einer Abschlussarbeit Ihren Einstieg bei uns suchen.<\/p>\n\n\n\n<p>Bei uns haben Sie die M\u00f6glichkeit sich auf einzelne (Fach-)Gebiete zu spezialisieren oder sich in einer  Fachrichtung mit einer gro\u00dfen Vielfalt an verschiedenen Aufgaben zu verwirklichen. Unabh\u00e4ngig davon, ob Sie sich noch in der Ausbildung befinden, Ihren Abschluss gerade erst bestanden haben oder bereits \u00fcber Berufserfahrung verf\u00fcgen \u2013 Bei uns arbeiten Sie stets verantwortungsvoll und eigenst\u00e4ndig in verschiedensten Projekten, bei denen keines wie das andere ist.<\/p>\n\n\n\n<p>Werfen Sie einen Blick hinter unsere Kulissen \u2013 Wir freuen uns auf Ihre Kontaktaufnahme.<\/p>\n\n\n<p>[pages id=&#8220;2265, 2270, 2699&#8243;]<\/p>\n[\/et_pb_text][\/et_pb_column][\/et_pb_row][\/et_pb_section]","protected":false},"excerpt":{"rendered":"<p>[et_pb_section fb_built=&#8220;1&#8243; fullwidth=&#8220;on&#8220; _builder_version=&#8220;4.9.4&#8243; _module_preset=&#8220;default&#8220;][et_pb_fullwidth_image src=&#8220;http:\/\/www.reiser-insight.com\/wp-content\/uploads\/2019\/11\/reiser-st-career-1.jpg&#8220; _builder_version=&#8220;4.9.4&#8243; _module_preset=&#8220;default&#8220; title_text=&#8220;reiser-st-career-1&#8243; hover_enabled=&#8220;0&#8243; sticky_enabled=&#8220;0&#8243;][\/et_pb_fullwidth_image][\/et_pb_section][et_pb_section fb_built=&#8220;1&#8243; admin_label=&#8220;section&#8220; _builder_version=&#8220;3.22&#8243;][et_pb_row _builder_version=&#8220;4.9.4&#8243; _module_preset=&#8220;default&#8220;][et_pb_column _builder_version=&#8220;4.9.4&#8243; _module_preset=&#8220;default&#8220; type=&#8220;4_4&#8243;][et_pb_text _builder_version=&#8220;4.9.4&#8243; _module_preset=&#8220;default&#8220; hover_enabled=&#8220;0&#8243; sticky_enabled=&#8220;0&#8243; header_font_size=&#8220;45px&#8220; header_text_color=&#8220;#0055A5&#8243;] Karriere Wir unterst\u00fctzen Sie in unserem Unternehmen bei Ihrer Karriere, egal ob Sie Interesse am Fach- und F\u00fchrungskr\u00e4ftebereich haben oder im Rahmen eines Praktikums, einer Werkstudentent\u00e4tigkeit oder einer Abschlussarbeit Ihren [&hellip;]<\/p>\n","protected":false},"author":3,"featured_media":0,"parent":0,"menu_order":0,"comment_status":"closed","ping_status":"closed","template":"","meta":{"_et_pb_use_builder":"on","_et_pb_old_content":"<!-- wp:paragraph -->\n<p>Wir unterst\u00fctzen Sie in unserem Unternehmen bei Ihrer Karriere, egal ob Sie Interesse am Fach- und F\u00fchrungskr\u00e4ftebereich haben oder im Rahmen eines Praktikums, einer Werkstudentent\u00e4tigkeit oder einer Abschlussarbeit Ihren Einstieg bei uns suchen.<\/p>\n<!-- \/wp:paragraph -->\n\n<!-- wp:paragraph -->\n<p>Bei uns haben Sie die M\u00f6glichkeit sich auf einzelne (Fach-)Gebiete zu spezialisieren oder sich in einer  Fachrichtung mit einer gro\u00dfen Vielfalt an verschiedenen Aufgaben zu verwirklichen. Unabh\u00e4ngig davon, ob Sie sich noch in der Ausbildung befinden, Ihren Abschluss gerade erst bestanden haben oder bereits \u00fcber Berufserfahrung verf\u00fcgen \u2013 Bei uns arbeiten Sie stets verantwortungsvoll und eigenst\u00e4ndig in verschiedensten Projekten, bei denen keines wie das andere ist.<\/p>\n<!-- \/wp:paragraph -->\n\n<!-- wp:paragraph -->\n<p>Werfen Sie einen Blick hinter unsere Kulissen \u2013 Wir freuen uns auf Ihre Kontaktaufnahme.<\/p>\n<!-- \/wp:paragraph -->\n\n<!-- wp:shortcode -->\n[pages id=\"2265, 2270, 2699\"]\n<!-- \/wp:shortcode -->","_et_gb_content_width":"","footnotes":""},"class_list":["post-3926","page","type-page","status-publish","hentry"],"_links":{"self":[{"href":"https:\/\/www.reiser-insight.com\/index.php\/wp-json\/wp\/v2\/pages\/3926","targetHints":{"allow":["GET"]}}],"collection":[{"href":"https:\/\/www.reiser-insight.com\/index.php\/wp-json\/wp\/v2\/pages"}],"about":[{"href":"https:\/\/www.reiser-insight.com\/index.php\/wp-json\/wp\/v2\/types\/page"}],"author":[{"embeddable":true,"href":"https:\/\/www.reiser-insight.com\/index.php\/wp-json\/wp\/v2\/users\/3"}],"replies":[{"embeddable":true,"href":"https:\/\/www.reiser-insight.com\/index.php\/wp-json\/wp\/v2\/comments?post=3926"}],"version-history":[{"count":2,"href":"https:\/\/www.reiser-insight.com\/index.php\/wp-json\/wp\/v2\/pages\/3926\/revisions"}],"predecessor-version":[{"id":5166,"href":"https:\/\/www.reiser-insight.com\/index.php\/wp-json\/wp\/v2\/pages\/3926\/revisions\/5166"}],"wp:attachment":[{"href":"https:\/\/www.reiser-insight.com\/index.php\/wp-json\/wp\/v2\/media?parent=3926"}],"curies":[{"name":"wp","href":"https:\/\/api.w.org\/{rel}","templated":true}]}}