{"id":3941,"date":"2019-10-18T13:23:43","date_gmt":"2019-10-18T11:23:43","guid":{"rendered":"https:\/\/www.reiser-st.com\/?page_id=1994"},"modified":"2021-11-18T10:11:05","modified_gmt":"2021-11-18T09:11:05","slug":"initiativ-bewerbung","status":"publish","type":"page","link":"https:\/\/www.reiser-insight.com\/index.php\/initiativ-bewerbung\/","title":{"rendered":"Initiativ-Bewerbung"},"content":{"rendered":"\n[et_pb_section admin_label=&#8220;section&#8220;]\n\t\t\t[et_pb_row admin_label=&#8220;row&#8220;]\n\t\t\t\t[et_pb_column type=&#8220;4_4&#8243;][et_pb_text admin_label=&#8220;Text&#8220;]<!-- divi:paragraph -->\n<p>Wir freuen uns, dass Sie sich f\u00fcr eine T\u00e4tigkeit in unserem Unternehmen interessieren. Bitte nutzen Sie das unten stehende Formular, um uns Ihre aussagekr\u00e4ftigen Bewerbungsunterlagen zur Verf\u00fcgung zu stellen.<\/p>\n<!-- \/divi:paragraph -->\n\n<!-- divi:shortcode -->\n[job-apply-form type=&#8220;speculative application&#8220;]\n<!-- \/divi:shortcode -->[\/et_pb_text][\/et_pb_column]\n\t\t\t[\/et_pb_row]\n\t\t[\/et_pb_section]\n","protected":false},"excerpt":{"rendered":"","protected":false},"author":3,"featured_media":0,"parent":0,"menu_order":0,"comment_status":"closed","ping_status":"closed","template":"page-jobapplication.php","meta":{"_et_pb_use_builder":"on","_et_pb_old_content":"<!-- wp:paragraph -->\n<p>Wir freuen uns, dass Sie sich f\u00fcr eine T\u00e4tigkeit in unserem Unternehmen interessieren. Bitte nutzen Sie das unten stehende Formular, um uns Ihre aussagekr\u00e4ftigen Bewerbungsunterlagen zur Verf\u00fcgung zu stellen.<\/p>\n<!-- \/wp:paragraph -->\n\n<!-- wp:shortcode -->\n[job-apply-form type=\"speculative application\"]\n<!-- \/wp:shortcode -->","_et_gb_content_width":"","footnotes":""},"class_list":["post-3941","page","type-page","status-publish","hentry"],"_links":{"self":[{"href":"https:\/\/www.reiser-insight.com\/index.php\/wp-json\/wp\/v2\/pages\/3941","targetHints":{"allow":["GET"]}}],"collection":[{"href":"https:\/\/www.reiser-insight.com\/index.php\/wp-json\/wp\/v2\/pages"}],"about":[{"href":"https:\/\/www.reiser-insight.com\/index.php\/wp-json\/wp\/v2\/types\/page"}],"author":[{"embeddable":true,"href":"https:\/\/www.reiser-insight.com\/index.php\/wp-json\/wp\/v2\/users\/3"}],"replies":[{"embeddable":true,"href":"https:\/\/www.reiser-insight.com\/index.php\/wp-json\/wp\/v2\/comments?post=3941"}],"version-history":[{"count":2,"href":"https:\/\/www.reiser-insight.com\/index.php\/wp-json\/wp\/v2\/pages\/3941\/revisions"}],"predecessor-version":[{"id":6108,"href":"https:\/\/www.reiser-insight.com\/index.php\/wp-json\/wp\/v2\/pages\/3941\/revisions\/6108"}],"wp:attachment":[{"href":"https:\/\/www.reiser-insight.com\/index.php\/wp-json\/wp\/v2\/media?parent=3941"}],"curies":[{"name":"wp","href":"https:\/\/api.w.org\/{rel}","templated":true}]}}