{"id":4427,"date":"2021-06-01T17:40:05","date_gmt":"2021-06-01T15:40:05","guid":{"rendered":"http:\/\/www.reiser-insight.com\/?page_id=4427"},"modified":"2021-06-01T18:07:50","modified_gmt":"2021-06-01T16:07:50","slug":"wir-bieten-ihnen-2","status":"publish","type":"page","link":"https:\/\/www.reiser-insight.com\/index.php\/wir-bieten-ihnen-2\/","title":{"rendered":"Wir bieten Ihnen"},"content":{"rendered":"<p>[et_pb_section fb_built=&#8220;1&#8243; fullwidth=&#8220;on&#8220; _builder_version=&#8220;4.9.4&#8243; _module_preset=&#8220;default&#8220;][et_pb_fullwidth_image src=&#8220;http:\/\/www.reiser-insight.com\/wp-content\/uploads\/2019\/10\/career-1.jpg&#8220; _builder_version=&#8220;4.9.4&#8243; _module_preset=&#8220;default&#8220; title_text=&#8220;career-1&#8243; hover_enabled=&#8220;0&#8243; sticky_enabled=&#8220;0&#8243;][\/et_pb_fullwidth_image][\/et_pb_section][et_pb_section fb_built=&#8220;1&#8243; _builder_version=&#8220;4.9.4&#8243; _module_preset=&#8220;default&#8220;][et_pb_row _builder_version=&#8220;4.9.4&#8243; _module_preset=&#8220;default&#8220; hover_enabled=&#8220;0&#8243; sticky_enabled=&#8220;0&#8243; max_width=&#8220;1600px&#8220;][et_pb_column _builder_version=&#8220;4.9.4&#8243; _module_preset=&#8220;default&#8220; type=&#8220;4_4&#8243;][et_pb_text _builder_version=&#8220;4.9.4&#8243; _module_preset=&#8220;default&#8220; hover_enabled=&#8220;0&#8243; sticky_enabled=&#8220;0&#8243; text_font_size=&#8220;45px&#8220; text_text_color=&#8220;#0055A5&#8243;]<\/p>\n<p>Wir bieten Ihnen<\/p>\n<p>[\/et_pb_text][\/et_pb_column][\/et_pb_row][et_pb_row _builder_version=&#8220;4.9.4&#8243; _module_preset=&#8220;default&#8220; max_width=&#8220;1600px&#8220; hover_enabled=&#8220;0&#8243; sticky_enabled=&#8220;0&#8243;][et_pb_column _builder_version=&#8220;4.9.4&#8243; _module_preset=&#8220;default&#8220; type=&#8220;4_4&#8243;][et_pb_toggle title=&#8220;Produkte, die \u00fcberzeugen&#8220; _builder_version=&#8220;4.9.4&#8243; _module_preset=&#8220;default&#8220; hover_enabled=&#8220;0&#8243; sticky_enabled=&#8220;0&#8243; title_text_color=&#8220;#0055A5&#8243; title_font_size=&#8220;26px&#8220; body_text_color=&#8220;#000000&#8243;]<\/p>\n<p><span>Wir arbeiten mit spannenden, komplexen und hoch technologischen Produkten in einem innovativen Umfeld. Unsere Mitarbeiter finden stetig neue L\u00f6sungen, damit wir den Anforderungen unserer Kunden gerecht werden k\u00f6nnen.<\/span><\/p>\n<p>[\/et_pb_toggle][et_pb_toggle title=&#8220;Betriebs- und Arbeitsklima, das Ihre Arbeitszufriedenheit f\u00f6rdert&#8220; _builder_version=&#8220;4.9.4&#8243; _module_preset=&#8220;default&#8220; hover_enabled=&#8220;0&#8243; sticky_enabled=&#8220;0&#8243; title_text_color=&#8220;#0055A5&#8243; title_font_size=&#8220;26px&#8220; body_text_color=&#8220;#000000&#8243;]<\/p>\n<p><span>Ein famili\u00e4res Umfeld, kurze Entscheidungswege und flache Hierarchien pr\u00e4gen die Arbeitswelt bei RST, in der Wertsch\u00e4tzung und ein freundlicher Umgang miteinander gepflegt werden.<\/span><\/p>\n<p>[\/et_pb_toggle][et_pb_toggle title=&#8220;Einen Arbeitsalltag, der begeistert&#8220; _builder_version=&#8220;4.9.4&#8243; _module_preset=&#8220;default&#8220; hover_enabled=&#8220;0&#8243; sticky_enabled=&#8220;0&#8243; title_text_color=&#8220;#0055A5&#8243; title_font_size=&#8220;26px&#8220; body_text_color=&#8220;#000000&#8243;]<\/p>\n<p><span>Wir bieten unseren Mitarbeitern umfangreiche Verantwortungs- und Gestaltungsm\u00f6glichkeiten sowie die M\u00f6glichkeit, aktiv im Unternehmen mitzuwirken. Die Aufgabenfelder sind breit gef\u00e4chert, dadurch sehr abwechslungsreich und erfordern oftmals einen Blick \u00fcber den Tellerrand hinaus.<\/span><\/p>\n<p>[\/et_pb_toggle][et_pb_toggle title=&#8220;Weiterbildungen, die zu Ihnen und den Anforderungen passen&#8220; _builder_version=&#8220;4.9.4&#8243; _module_preset=&#8220;default&#8220; hover_enabled=&#8220;0&#8243; sticky_enabled=&#8220;0&#8243; title_text_color=&#8220;#0055A5&#8243; title_font_size=&#8220;26px&#8220; body_text_color=&#8220;#000000&#8243;]<\/p>\n<p><span>Unsere Mitarbeiter erhalten ein umfassendes Weiterbildungsprogramm zur fachlichen, methodischen und pers\u00f6nlichen (Weiter-)Entwicklung. Gut ausgebildete Mitarbeiter sind unser h\u00f6chstes Gut.<\/span><\/p>\n<p>[\/et_pb_toggle][et_pb_toggle title=&#8220;Gleitzeitregelungen, die eine optimale Nutzung Ihrer Zeit erm\u00f6glichen&#8220; _builder_version=&#8220;4.9.4&#8243; _module_preset=&#8220;default&#8220; hover_enabled=&#8220;0&#8243; sticky_enabled=&#8220;0&#8243; title_text_color=&#8220;#0055A5&#8243; title_font_size=&#8220;26px&#8220; body_text_color=&#8220;#000000&#8243;]<\/p>\n<p><span>Wir haben eine Gleitzeitregelungen im Unternehmen, die Ihnen zum einen eine optimale Vereinbarung von Familie und Beruf erm\u00f6glicht und zum anderen mit dem Bedarf in unserem Projektgesch\u00e4ft harmoniert.<\/span><\/p>\n<p>[\/et_pb_toggle][et_pb_toggle title=&#8220;Firmenfeiern und -events, die verbinden&#8220; _builder_version=&#8220;4.9.4&#8243; _module_preset=&#8220;default&#8220; hover_enabled=&#8220;0&#8243; sticky_enabled=&#8220;0&#8243; title_text_color=&#8220;#0055A5&#8243; title_font_size=&#8220;26px&#8220; body_text_color=&#8220;#000000&#8243;]<\/p>\n<p><span>Sommerfeste und Weihnachtsfeiern, Angebote zu Sportevents wie Xletix und das Drachenbootrennen in Starnberg, Familientage, Tage der offenen T\u00fcre \u2013 wir unternehmen gerne noch etwas zusammen.<\/span><\/p>\n<p>[\/et_pb_toggle][et_pb_toggle title=&#8220;Ein Fitnessangebot, so flexibel und umfangreich wie Ihre Bed\u00fcrfnisse&#8220; _builder_version=&#8220;4.9.4&#8243; _module_preset=&#8220;default&#8220; hover_enabled=&#8220;0&#8243; sticky_enabled=&#8220;0&#8243; title_text_color=&#8220;#0055A5&#8243; title_font_size=&#8220;26px&#8220; body_text_color=&#8220;#000000&#8243;]<\/p>\n<p><span>Wir geben Ihnen die M\u00f6glichkeit im Rahmen einer Firmenfitness-Mitgliedschaft in wohnortnahen Sporteinrichtungen, Schwimmb\u00e4dern, Boulderhallen u.v.m. ganz flexibel und nach Ihren Bed\u00fcrfnissen zu trainieren.<\/span><\/p>\n<p>[\/et_pb_toggle][et_pb_toggle title=&#8220;Eine Einarbeitung, die keine W\u00fcnsche offen l\u00e4sst&#8220; _builder_version=&#8220;4.9.4&#8243; _module_preset=&#8220;default&#8220; hover_enabled=&#8220;0&#8243; sticky_enabled=&#8220;0&#8243; title_text_color=&#8220;#0055A5&#8243; title_font_size=&#8220;26px&#8220; body_text_color=&#8220;#000000&#8243;]<\/p>\n<div itemscope=\"\" itemprop=\"mainEntity\" class=\"item-container\" itemtype=\"https:\/\/schema.org\/Question\">\n<p>Sie werden zu Beginn einen Paten zur Seite gestellt bekommen, der sich gemeinsam mit dem Vorgesetzen um Ihre Einarbeitung k\u00fcmmert und sicherstellt, dass Sie sich schnell in allen Themen zurechtfinden. Hierf\u00fcr werden zwei Einarbeitungspl\u00e4ne durchlaufen, denn zum einen sollen Sie RST, seine Abteilungen und Abl\u00e4ufe kennenlernen, und zum anderen alle Spezifika und fachlichen Anforderungen sowie T\u00e4tigkeiten Ihrer Abteilung ergr\u00fcnden.<\/p>\n<\/div>\n<p>[\/et_pb_toggle][\/et_pb_column][\/et_pb_row][\/et_pb_section]<\/p>\n","protected":false},"excerpt":{"rendered":"<p>[et_pb_section fb_built=&#8220;1&#8243; fullwidth=&#8220;on&#8220; _builder_version=&#8220;4.9.4&#8243; _module_preset=&#8220;default&#8220;][et_pb_fullwidth_image src=&#8220;http:\/\/www.reiser-insight.com\/wp-content\/uploads\/2019\/10\/career-1.jpg&#8220; _builder_version=&#8220;4.9.4&#8243; _module_preset=&#8220;default&#8220; title_text=&#8220;career-1&#8243; hover_enabled=&#8220;0&#8243; sticky_enabled=&#8220;0&#8243;][\/et_pb_fullwidth_image][\/et_pb_section][et_pb_section fb_built=&#8220;1&#8243; _builder_version=&#8220;4.9.4&#8243; _module_preset=&#8220;default&#8220;][et_pb_row _builder_version=&#8220;4.9.4&#8243; _module_preset=&#8220;default&#8220; hover_enabled=&#8220;0&#8243; sticky_enabled=&#8220;0&#8243; max_width=&#8220;1600px&#8220;][et_pb_column _builder_version=&#8220;4.9.4&#8243; _module_preset=&#8220;default&#8220; type=&#8220;4_4&#8243;][et_pb_text _builder_version=&#8220;4.9.4&#8243; _module_preset=&#8220;default&#8220; hover_enabled=&#8220;0&#8243; sticky_enabled=&#8220;0&#8243; text_font_size=&#8220;45px&#8220; text_text_color=&#8220;#0055A5&#8243;] Wir bieten Ihnen [\/et_pb_text][\/et_pb_column][\/et_pb_row][et_pb_row _builder_version=&#8220;4.9.4&#8243; _module_preset=&#8220;default&#8220; max_width=&#8220;1600px&#8220; hover_enabled=&#8220;0&#8243; sticky_enabled=&#8220;0&#8243;][et_pb_column _builder_version=&#8220;4.9.4&#8243; _module_preset=&#8220;default&#8220; type=&#8220;4_4&#8243;][et_pb_toggle title=&#8220;Produkte, die \u00fcberzeugen&#8220; _builder_version=&#8220;4.9.4&#8243; _module_preset=&#8220;default&#8220; hover_enabled=&#8220;0&#8243; sticky_enabled=&#8220;0&#8243; title_text_color=&#8220;#0055A5&#8243; title_font_size=&#8220;26px&#8220; body_text_color=&#8220;#000000&#8243;] Wir arbeiten mit spannenden, komplexen [&hellip;]<\/p>\n","protected":false},"author":1,"featured_media":0,"parent":0,"menu_order":0,"comment_status":"closed","ping_status":"closed","template":"","meta":{"_et_pb_use_builder":"on","_et_pb_old_content":"","_et_gb_content_width":"","footnotes":""},"class_list":["post-4427","page","type-page","status-publish","hentry"],"_links":{"self":[{"href":"https:\/\/www.reiser-insight.com\/index.php\/wp-json\/wp\/v2\/pages\/4427","targetHints":{"allow":["GET"]}}],"collection":[{"href":"https:\/\/www.reiser-insight.com\/index.php\/wp-json\/wp\/v2\/pages"}],"about":[{"href":"https:\/\/www.reiser-insight.com\/index.php\/wp-json\/wp\/v2\/types\/page"}],"author":[{"embeddable":true,"href":"https:\/\/www.reiser-insight.com\/index.php\/wp-json\/wp\/v2\/users\/1"}],"replies":[{"embeddable":true,"href":"https:\/\/www.reiser-insight.com\/index.php\/wp-json\/wp\/v2\/comments?post=4427"}],"version-history":[{"count":5,"href":"https:\/\/www.reiser-insight.com\/index.php\/wp-json\/wp\/v2\/pages\/4427\/revisions"}],"predecessor-version":[{"id":4436,"href":"https:\/\/www.reiser-insight.com\/index.php\/wp-json\/wp\/v2\/pages\/4427\/revisions\/4436"}],"wp:attachment":[{"href":"https:\/\/www.reiser-insight.com\/index.php\/wp-json\/wp\/v2\/media?parent=4427"}],"curies":[{"name":"wp","href":"https:\/\/api.w.org\/{rel}","templated":true}]}}